{"id":8449,"date":"2022-05-15T17:43:10","date_gmt":"2022-05-15T17:43:10","guid":{"rendered":"https:\/\/navegantes.dicavaliosa.com.br\/?page_id=8449"},"modified":"2022-06-23T18:08:28","modified_gmt":"2022-06-23T21:08:28","slug":"8449-2","status":"publish","type":"page","link":"https:\/\/navega.dicavaliosa.com.br\/2\/","title":{"rendered":"Bem Vindos"},"content":{"rendered":"<div id=\"indeed_top_ism\" class=\"indeed_top_ism\"><\/div><div id=\"fb-root\"><\/div><p>[vc_row][vc_column width=&#8221;1\/2&#8243;][vc_column_text woodmart_inline=&#8221;no&#8221; text_larger=&#8221;no&#8221;]<\/p>\r\n<h2 style=\"text-align: center;\"><b>Para <span style=\"color: #ff0000;\">Come\u00e7ar<\/span> Toque no <span style=\"color: #ff0000;\">Cadeado<\/span><br \/>e Coloque um email <span style=\"color: #ff0000;\">v\u00e1lido<\/span><br \/>e de f\u00e1cil <span style=\"color: #ff0000;\">acesso<\/span> a voce<\/b><\/h2>\r\n<p>[\/vc_column_text][\/vc_column][vc_column width=&#8221;1\/2&#8243;][vc_column_text woodmart_inline=&#8221;no&#8221; text_larger=&#8221;no&#8221;]<\/p>\r\n<div class=\"row sep-bottom\">\r\n<div class=\"col-sm-4\">\r\n<div class=\"post\" data-selector=\"#testimonials-grid .quote, .pricing-table, .pricing-table .stamp, .post, .panel, .panel-heading, .form-container, .post-content .price-circle\">\r\n<div class=\"post-media\" style=\"text-align: center;\">\u00a0<\/div>\r\n<\/div>\r\n<\/div>\r\n<\/div>\r\n<div class=\"row\">\r\n<div class=\"col-sm-4\">\r\n<div class=\"post\" data-selector=\"#testimonials-grid .quote, .pricing-table, .pricing-table .stamp, .post, .panel, .panel-heading, .form-container, .post-content .price-circle\">\r\n<div class=\"post-media\"><a href=\"\/2\/minha-conta\/?action=register\"><img loading=\"lazy\" decoding=\"async\" class=\"aligncenter wp-image-8450 size-thumbnail\" src=\"https:\/\/navega.dicavaliosa.com.br\/2\/wp-content\/uploads\/2022\/05\/secure-img-460821-20200508221424-150x150.jpg\" alt=\"\" width=\"150\" height=\"150\" srcset=\"https:\/\/navega.dicavaliosa.com.br\/2\/wp-content\/uploads\/2022\/05\/secure-img-460821-20200508221424-150x150.jpg 150w, https:\/\/navega.dicavaliosa.com.br\/2\/wp-content\/uploads\/2022\/05\/secure-img-460821-20200508221424-300x300.jpg 300w, https:\/\/navega.dicavaliosa.com.br\/2\/wp-content\/uploads\/2022\/05\/secure-img-460821-20200508221424.jpg 400w\" sizes=\"auto, (max-width: 150px) 100vw, 150px\" \/><\/a><\/div>\r\n<\/div>\r\n<\/div>\r\n<div class=\"col-sm-4\">\r\n<div class=\"post\" data-selector=\"#testimonials-grid .quote, .pricing-table, .pricing-table .stamp, .post, .panel, .panel-heading, .form-container, .post-content .price-circle\">\r\n<div class=\"post-content\">\r\n<p data-selector=\"p\">\u00a0<\/p>\r\n<\/div>\r\n<\/div>\r\n<\/div>\r\n<\/div>\r\n<p>[\/vc_column_text][\/vc_column][\/vc_row][vc_row][vc_column][vc_widget_sidebar sidebar_id=&#8221;sidebar-8378&#8243;][\/vc_column][\/vc_row]<\/p><div id=\"indeed_bottom_ism\" class=\"indeed_bottom_ism\"><\/div>","protected":false},"excerpt":{"rendered":"<p>[vc_row][vc_column width=&#8221;1\/2&#8243;][vc_column_text woodmart_inline=&#8221;no&#8221; text_larger=&#8221;no&#8221;] Para Come\u00e7ar Toque no Cadeadoe Coloque um email v\u00e1lidoe de f\u00e1cil acesso a voce [\/vc_column_text][\/vc_column][vc_column width=&#8221;1\/2&#8243;][vc_column_text<\/p>\n","protected":false},"author":1,"featured_media":8602,"parent":0,"menu_order":0,"comment_status":"closed","ping_status":"closed","template":"","meta":{"footnotes":""},"class_list":["post-8449","page","type-page","status-publish","has-post-thumbnail","hentry"],"_links":{"self":[{"href":"https:\/\/navega.dicavaliosa.com.br\/2\/wp-json\/wp\/v2\/pages\/8449","targetHints":{"allow":["GET"]}}],"collection":[{"href":"https:\/\/navega.dicavaliosa.com.br\/2\/wp-json\/wp\/v2\/pages"}],"about":[{"href":"https:\/\/navega.dicavaliosa.com.br\/2\/wp-json\/wp\/v2\/types\/page"}],"author":[{"embeddable":true,"href":"https:\/\/navega.dicavaliosa.com.br\/2\/wp-json\/wp\/v2\/users\/1"}],"replies":[{"embeddable":true,"href":"https:\/\/navega.dicavaliosa.com.br\/2\/wp-json\/wp\/v2\/comments?post=8449"}],"version-history":[{"count":20,"href":"https:\/\/navega.dicavaliosa.com.br\/2\/wp-json\/wp\/v2\/pages\/8449\/revisions"}],"predecessor-version":[{"id":8749,"href":"https:\/\/navega.dicavaliosa.com.br\/2\/wp-json\/wp\/v2\/pages\/8449\/revisions\/8749"}],"wp:featuredmedia":[{"embeddable":true,"href":"https:\/\/navega.dicavaliosa.com.br\/2\/wp-json\/wp\/v2\/media\/8602"}],"wp:attachment":[{"href":"https:\/\/navega.dicavaliosa.com.br\/2\/wp-json\/wp\/v2\/media?parent=8449"}],"curies":[{"name":"wp","href":"https:\/\/api.w.org\/{rel}","templated":true}]}}